{"id":405,"date":"2024-02-25T17:17:18","date_gmt":"2024-02-25T16:17:18","guid":{"rendered":"https:\/\/www.hotelmarcincak.cz\/en\/?page_id=405"},"modified":"2026-03-04T21:35:20","modified_gmt":"2026-03-04T20:35:20","slug":"room-inquiry","status":"publish","type":"page","link":"https:\/\/www.hotelmarcincak.cz\/en\/room-inquiry\/","title":{"rendered":"Room inquiry"},"content":{"rendered":"\t\t<div data-elementor-type=\"wp-page\" data-elementor-id=\"405\" class=\"elementor elementor-405\">\n\t\t\t\t<div class=\"elementor-element elementor-element-c37915a e-flex e-con-boxed e-con e-parent\" data-id=\"c37915a\" data-element_type=\"container\" data-e-type=\"container\">\n\t\t\t\t\t<div class=\"e-con-inner\">\n\t\t\t\t<div class=\"elementor-element elementor-element-92b0301 elementor-widget elementor-widget-heading\" data-id=\"92b0301\" data-element_type=\"widget\" data-e-type=\"widget\" data-widget_type=\"heading.default\">\n\t\t\t\t<div class=\"elementor-widget-container\">\n\t\t\t\t\t<h1 class=\"elementor-heading-title elementor-size-default\">Room inquiry<\/h1>\t\t\t\t<\/div>\n\t\t\t\t<\/div>\n\t\t\t\t\t<\/div>\n\t\t\t\t<\/div>\n\t\t<div class=\"elementor-element elementor-element-dc56aac e-flex e-con-boxed e-con e-parent\" data-id=\"dc56aac\" data-element_type=\"container\" data-e-type=\"container\">\n\t\t\t\t\t<div class=\"e-con-inner\">\n\t\t\t\t<div class=\"elementor-element elementor-element-68beb08 elementor-widget elementor-widget-shortcode\" data-id=\"68beb08\" data-element_type=\"widget\" data-e-type=\"widget\" data-widget_type=\"shortcode.default\">\n\t\t\t\t<div class=\"elementor-widget-container\">\n\t\t\t\t\t\t\t<div class=\"elementor-shortcode\">\n<div class=\"wpcf7 no-js\" id=\"wpcf7-f414-o1\" lang=\"cs-CZ\" dir=\"ltr\" data-wpcf7-id=\"414\">\n<div class=\"screen-reader-response\"><p role=\"status\" aria-live=\"polite\" aria-atomic=\"true\"><\/p> <ul><\/ul><\/div>\n<form action=\"\/en\/wp-json\/wp\/v2\/pages\/405#wpcf7-f414-o1\" method=\"post\" class=\"wpcf7-form init\" aria-label=\"Kontaktn\u00ed formul\u00e1\u0159\" novalidate=\"novalidate\" data-status=\"init\">\n<fieldset class=\"hidden-fields-container\"><input type=\"hidden\" name=\"_wpcf7\" value=\"414\" \/><input type=\"hidden\" name=\"_wpcf7_version\" value=\"6.1.5\" \/><input type=\"hidden\" name=\"_wpcf7_locale\" value=\"cs_CZ\" \/><input type=\"hidden\" name=\"_wpcf7_unit_tag\" value=\"wpcf7-f414-o1\" \/><input type=\"hidden\" name=\"_wpcf7_container_post\" value=\"0\" \/><input type=\"hidden\" name=\"_wpcf7_posted_data_hash\" value=\"\" \/>\n<\/fieldset>\n<div class=\"cf-grid\">\n\t<div class=\"cf-col\">\n\t\t<p><label>Arrival date *<\/label><br \/>\n<span class=\"wpcf7-form-control-wrap\" data-name=\"datum-prijezdu\"><input size=\"40\" maxlength=\"400\" class=\"wpcf7-form-control wpcf7-text wpcf7-validates-as-required\" aria-required=\"true\" aria-invalid=\"false\" value=\"\" type=\"text\" name=\"datum-prijezdu\" \/><\/span>\n\t\t<\/p>\n\t\t<p><label>Departure date *<\/label><br \/>\n<span class=\"wpcf7-form-control-wrap\" data-name=\"datum-odjezdu\"><input size=\"40\" maxlength=\"400\" class=\"wpcf7-form-control wpcf7-text wpcf7-validates-as-required\" aria-required=\"true\" aria-invalid=\"false\" value=\"\" type=\"text\" name=\"datum-odjezdu\" \/><\/span>\n\t\t<\/p>\n\t\t<p><label>Number of adults *<\/label><br \/>\n<span class=\"wpcf7-form-control-wrap\" data-name=\"pocet-dospelych\"><input class=\"wpcf7-form-control wpcf7-number wpcf7-validates-as-required wpcf7-validates-as-number\" aria-required=\"true\" aria-invalid=\"false\" value=\"\" type=\"number\" name=\"pocet-dospelych\" \/><\/span>\n\t\t<\/p>\n\t\t<p><label>Email *<\/label><br \/>\n<span class=\"wpcf7-form-control-wrap\" data-name=\"email\"><input size=\"40\" maxlength=\"400\" class=\"wpcf7-form-control wpcf7-email wpcf7-validates-as-required wpcf7-text wpcf7-validates-as-email\" aria-required=\"true\" aria-invalid=\"false\" value=\"\" type=\"email\" name=\"email\" \/><\/span>\n\t\t<\/p>\n\t<\/div>\n\t<div class=\"cf-col\">\n\t\t<p><label>First name *<\/label><br \/>\n<span class=\"wpcf7-form-control-wrap\" data-name=\"jmeno\"><input size=\"40\" maxlength=\"400\" class=\"wpcf7-form-control wpcf7-text wpcf7-validates-as-required\" aria-required=\"true\" aria-invalid=\"false\" value=\"\" type=\"text\" name=\"jmeno\" \/><\/span>\n\t\t<\/p>\n\t\t<p><label>Last name *<\/label><br \/>\n<span class=\"wpcf7-form-control-wrap\" data-name=\"prijmeni\"><input size=\"40\" maxlength=\"400\" class=\"wpcf7-form-control wpcf7-text wpcf7-validates-as-required\" aria-required=\"true\" aria-invalid=\"false\" value=\"\" type=\"text\" name=\"prijmeni\" \/><\/span>\n\t\t<\/p>\n\t\t<div class=\"cf-row-2\">\n\t\t\t<div>\n\t\t\t\t<p><label>Children under 2 years old<\/label><br \/>\n<span class=\"wpcf7-form-control-wrap\" data-name=\"pocet-deti-do-2-let\"><input class=\"wpcf7-form-control wpcf7-number wpcf7-validates-as-number\" aria-invalid=\"false\" value=\"\" type=\"number\" name=\"pocet-deti-do-2-let\" \/><\/span>\n\t\t\t\t<\/p>\n\t\t\t<\/div>\n\t\t\t<div>\n\t\t\t\t<p><label>Children under 15 years old<\/label><br \/>\n<span class=\"wpcf7-form-control-wrap\" data-name=\"pocet-deti-do-15-let\"><input class=\"wpcf7-form-control wpcf7-number wpcf7-validates-as-number\" aria-invalid=\"false\" value=\"\" type=\"number\" name=\"pocet-deti-do-15-let\" \/><\/span>\n\t\t\t\t<\/p>\n\t\t\t<\/div>\n\t\t<\/div>\n\t\t<p><label>Telephone *<\/label><br \/>\n<span class=\"wpcf7-form-control-wrap\" data-name=\"telefon\"><input size=\"40\" maxlength=\"400\" class=\"wpcf7-form-control wpcf7-tel wpcf7-validates-as-required wpcf7-text wpcf7-validates-as-tel\" aria-required=\"true\" aria-invalid=\"false\" value=\"\" type=\"tel\" name=\"telefon\" \/><\/span>\n\t\t<\/p>\n\t<\/div>\n<\/div>\n<div class=\"cf-full\">\n\t<p><label>Note (e.g. specific room)<\/label><br \/>\n<span class=\"wpcf7-form-control-wrap\" data-name=\"poznamka\"><textarea cols=\"40\" rows=\"3\" maxlength=\"2000\" class=\"wpcf7-form-control wpcf7-textarea\" aria-invalid=\"false\" name=\"poznamka\"><\/textarea><\/span>\n\t<\/p>\n<\/div>\n<div class=\"cf-full\">\n\t<p><label>Room type<\/label><br \/>\n<span class=\"wpcf7-form-control-wrap\" data-name=\"typ-pokoje\"><span class=\"wpcf7-form-control wpcf7-checkbox\"><span class=\"wpcf7-list-item first\"><input type=\"checkbox\" name=\"typ-pokoje[]\" value=\"STANDARD double room\" \/><span class=\"wpcf7-list-item-label\">STANDARD double room<\/span><\/span><span class=\"wpcf7-list-item\"><input type=\"checkbox\" name=\"typ-pokoje[]\" value=\"SUPERIOR SUITE STAR\u00c9\" \/><span class=\"wpcf7-list-item-label\">SUPERIOR SUITE STAR\u00c9<\/span><\/span><span class=\"wpcf7-list-item\"><input type=\"checkbox\" name=\"typ-pokoje[]\" value=\"SUPERIOR room with two bedrooms for up to 4 people\" \/><span class=\"wpcf7-list-item-label\">SUPERIOR room with two bedrooms for up to 4 people<\/span><\/span><span class=\"wpcf7-list-item\"><input type=\"checkbox\" name=\"typ-pokoje[]\" value=\"Lavender DELUXE room\" \/><span class=\"wpcf7-list-item-label\">Lavender DELUXE room<\/span><\/span><span class=\"wpcf7-list-item last\"><input type=\"checkbox\" name=\"typ-pokoje[]\" value=\"SUPERIOR SUITE WELLNESS ROOM\" \/><span class=\"wpcf7-list-item-label\">SUPERIOR SUITE WELLNESS ROOM<\/span><\/span><\/span><\/span>\n\t<\/p>\n<\/div>\n<div class=\"cf-full cf-submit\">\n\t<p><input class=\"wpcf7-form-control wpcf7-submit has-spinner\" type=\"submit\" value=\"SEND\" \/>\n\t<\/p>\n<\/div><div class=\"wpcf7-response-output\" aria-hidden=\"true\"><\/div>\n<\/form>\n<\/div>\n<\/div>\n\t\t\t\t\t\t<\/div>\n\t\t\t\t<\/div>\n\t\t\t\t\t<\/div>\n\t\t\t\t<\/div>\n\t\t<div class=\"elementor-element elementor-element-2b3e5ca e-flex e-con-boxed e-con e-parent\" data-id=\"2b3e5ca\" data-element_type=\"container\" data-e-type=\"container\">\n\t\t\t\t\t<div class=\"e-con-inner\">\n\t\t\t\t<div class=\"elementor-element elementor-element-0daedfc elementor-widget elementor-widget-text-editor\" data-id=\"0daedfc\" data-element_type=\"widget\" data-e-type=\"widget\" data-widget_type=\"text-editor.default\">\n\t\t\t\t<div class=\"elementor-widget-container\">\n\t\t\t\t\t\t\t\t\t<p>By sending the form, you agree to the\u00a0<a href=\"https:\/\/www.hotelmarcincak.cz\/en\/wp-content\/uploads\/2024\/08\/lavender-hotel-marcincak-terms-and-conditions-08-2024.pdf\">terms and conditions<\/a>, <a href=\"https:\/\/www.hotelmarcincak.cz\/en\/wp-content\/uploads\/2024\/08\/lavender-hotel-marcincak-accommodation-rules-08-2024.pdf\">accommodation rules<\/a>, <a href=\"https:\/\/www.hotelmarcincak.cz\/en\/wp-content\/uploads\/2024\/09\/lavender-hotel-marcincak-accommodation-information-08-2024.pdf\">accommodation information<\/a> and <a href=\"https:\/\/www.hotelmarcincak.cz\/wp-content\/uploads\/2023\/07\/levandulovy-hotel-marcincak-ochrana-osobnich-udaju.pdf\">GDPR<\/a>.<\/p>\t\t\t\t\t\t\t\t<\/div>\n\t\t\t\t<\/div>\n\t\t\t\t\t<\/div>\n\t\t\t\t<\/div>\n\t\t\t\t<\/div>\n\t\t","protected":false},"excerpt":{"rendered":"<p>Room inquiry By sending the form, you agree to the\u00a0terms and conditions, accommodation rules, accommodation information and GDPR.<\/p>\n","protected":false},"author":1,"featured_media":0,"parent":0,"menu_order":0,"comment_status":"closed","ping_status":"closed","template":"","meta":{"site-sidebar-layout":"no-sidebar","site-content-layout":"","ast-site-content-layout":"full-width-container","site-content-style":"default","site-sidebar-style":"default","ast-global-header-display":"","ast-banner-title-visibility":"","ast-main-header-display":"","ast-hfb-above-header-display":"","ast-hfb-below-header-display":"","ast-hfb-mobile-header-display":"","site-post-title":"disabled","ast-breadcrumbs-content":"","ast-featured-img":"disabled","footer-sml-layout":"","ast-disable-related-posts":"","theme-transparent-header-meta":"default","adv-header-id-meta":"","stick-header-meta":"","header-above-stick-meta":"","header-main-stick-meta":"","header-below-stick-meta":"","astra-migrate-meta-layouts":"set","ast-page-background-enabled":"default","ast-page-background-meta":{"desktop":{"background-color":"var(--ast-global-color-4)","background-image":"","background-repeat":"repeat","background-position":"center center","background-size":"auto","background-attachment":"scroll","background-type":"","background-media":"","overlay-type":"","overlay-color":"","overlay-opacity":"","overlay-gradient":""},"tablet":{"background-color":"","background-image":"","background-repeat":"repeat","background-position":"center center","background-size":"auto","background-attachment":"scroll","background-type":"","background-media":"","overlay-type":"","overlay-color":"","overlay-opacity":"","overlay-gradient":""},"mobile":{"background-color":"","background-image":"","background-repeat":"repeat","background-position":"center center","background-size":"auto","background-attachment":"scroll","background-type":"","background-media":"","overlay-type":"","overlay-color":"","overlay-opacity":"","overlay-gradient":""}},"ast-content-background-meta":{"desktop":{"background-color":"var(--ast-global-color-5)","background-image":"","background-repeat":"repeat","background-position":"center center","background-size":"auto","background-attachment":"scroll","background-type":"","background-media":"","overlay-type":"","overlay-color":"","overlay-opacity":"","overlay-gradient":""},"tablet":{"background-color":"var(--ast-global-color-5)","background-image":"","background-repeat":"repeat","background-position":"center center","background-size":"auto","background-attachment":"scroll","background-type":"","background-media":"","overlay-type":"","overlay-color":"","overlay-opacity":"","overlay-gradient":""},"mobile":{"background-color":"var(--ast-global-color-5)","background-image":"","background-repeat":"repeat","background-position":"center center","background-size":"auto","background-attachment":"scroll","background-type":"","background-media":"","overlay-type":"","overlay-color":"","overlay-opacity":"","overlay-gradient":""}},"footnotes":""},"class_list":["post-405","page","type-page","status-publish","hentry"],"yoast_head":"<!-- This site is optimized with the Yoast SEO plugin v27.6 - https:\/\/yoast.com\/product\/yoast-seo-wordpress\/ -->\n<title>Room inquiry |<\/title>\n<meta name=\"robots\" content=\"index, follow, max-snippet:-1, max-image-preview:large, max-video-preview:-1\" \/>\n<link rel=\"canonical\" href=\"https:\/\/www.hotelmarcincak.cz\/en\/room-inquiry\/\" \/>\n<meta property=\"og:locale\" content=\"cs_CZ\" \/>\n<meta property=\"og:type\" content=\"article\" \/>\n<meta property=\"og:title\" content=\"Room inquiry |\" \/>\n<meta property=\"og:description\" content=\"Room inquiry By sending the form, you agree to the\u00a0terms and conditions, accommodation rules, accommodation information and GDPR.\" \/>\n<meta property=\"og:url\" content=\"https:\/\/www.hotelmarcincak.cz\/en\/room-inquiry\/\" \/>\n<meta property=\"article:modified_time\" content=\"2026-03-04T20:35:20+00:00\" \/>\n<meta name=\"twitter:card\" content=\"summary_large_image\" \/>\n<meta name=\"twitter:label1\" content=\"Odhadovan\u00e1 doba \u010dten\u00ed\" \/>\n\t<meta name=\"twitter:data1\" content=\"1 minuta\" \/>\n<script type=\"application\/ld+json\" class=\"yoast-schema-graph\">{\"@context\":\"https:\\\/\\\/schema.org\",\"@graph\":[{\"@type\":\"WebPage\",\"@id\":\"https:\\\/\\\/www.hotelmarcincak.cz\\\/en\\\/room-inquiry\\\/\",\"url\":\"https:\\\/\\\/www.hotelmarcincak.cz\\\/en\\\/room-inquiry\\\/\",\"name\":\"Room inquiry |\",\"isPartOf\":{\"@id\":\"https:\\\/\\\/www.hotelmarcincak.cz\\\/en\\\/#website\"},\"datePublished\":\"2024-02-25T16:17:18+00:00\",\"dateModified\":\"2026-03-04T20:35:20+00:00\",\"breadcrumb\":{\"@id\":\"https:\\\/\\\/www.hotelmarcincak.cz\\\/en\\\/room-inquiry\\\/#breadcrumb\"},\"inLanguage\":\"cs\",\"potentialAction\":[{\"@type\":\"ReadAction\",\"target\":[\"https:\\\/\\\/www.hotelmarcincak.cz\\\/en\\\/room-inquiry\\\/\"]}]},{\"@type\":\"BreadcrumbList\",\"@id\":\"https:\\\/\\\/www.hotelmarcincak.cz\\\/en\\\/room-inquiry\\\/#breadcrumb\",\"itemListElement\":[{\"@type\":\"ListItem\",\"position\":1,\"name\":\"Dom\u016f\",\"item\":\"https:\\\/\\\/www.hotelmarcincak.cz\\\/en\\\/\"},{\"@type\":\"ListItem\",\"position\":2,\"name\":\"Room inquiry\"}]},{\"@type\":\"WebSite\",\"@id\":\"https:\\\/\\\/www.hotelmarcincak.cz\\\/en\\\/#website\",\"url\":\"https:\\\/\\\/www.hotelmarcincak.cz\\\/en\\\/\",\"name\":\"Lavender Hotel Marcin\u010d\u00e1k***\",\"description\":\"Accommodation Mikulov\",\"publisher\":{\"@id\":\"https:\\\/\\\/www.hotelmarcincak.cz\\\/en\\\/#organization\"},\"potentialAction\":[{\"@type\":\"SearchAction\",\"target\":{\"@type\":\"EntryPoint\",\"urlTemplate\":\"https:\\\/\\\/www.hotelmarcincak.cz\\\/en\\\/?s={search_term_string}\"},\"query-input\":{\"@type\":\"PropertyValueSpecification\",\"valueRequired\":true,\"valueName\":\"search_term_string\"}}],\"inLanguage\":\"cs\"},{\"@type\":\"Organization\",\"@id\":\"https:\\\/\\\/www.hotelmarcincak.cz\\\/en\\\/#organization\",\"name\":\"Lavender Hotel Marcin\u010d\u00e1k***\",\"url\":\"https:\\\/\\\/www.hotelmarcincak.cz\\\/en\\\/\",\"logo\":{\"@type\":\"ImageObject\",\"inLanguage\":\"cs\",\"@id\":\"https:\\\/\\\/www.hotelmarcincak.cz\\\/en\\\/#\\\/schema\\\/logo\\\/image\\\/\",\"url\":\"https:\\\/\\\/www.hotelmarcincak.cz\\\/en\\\/wp-content\\\/uploads\\\/2024\\\/02\\\/levandulovy-hotel-marcincak-logo-300x290-1.webp\",\"contentUrl\":\"https:\\\/\\\/www.hotelmarcincak.cz\\\/en\\\/wp-content\\\/uploads\\\/2024\\\/02\\\/levandulovy-hotel-marcincak-logo-300x290-1.webp\",\"width\":300,\"height\":290,\"caption\":\"Lavender Hotel Marcin\u010d\u00e1k***\"},\"image\":{\"@id\":\"https:\\\/\\\/www.hotelmarcincak.cz\\\/en\\\/#\\\/schema\\\/logo\\\/image\\\/\"}}]}<\/script>\n<!-- \/ Yoast SEO plugin. -->","yoast_head_json":{"title":"Room inquiry |","robots":{"index":"index","follow":"follow","max-snippet":"max-snippet:-1","max-image-preview":"max-image-preview:large","max-video-preview":"max-video-preview:-1"},"canonical":"https:\/\/www.hotelmarcincak.cz\/en\/room-inquiry\/","og_locale":"cs_CZ","og_type":"article","og_title":"Room inquiry |","og_description":"Room inquiry By sending the form, you agree to the\u00a0terms and conditions, accommodation rules, accommodation information and GDPR.","og_url":"https:\/\/www.hotelmarcincak.cz\/en\/room-inquiry\/","article_modified_time":"2026-03-04T20:35:20+00:00","twitter_card":"summary_large_image","twitter_misc":{"Odhadovan\u00e1 doba \u010dten\u00ed":"1 minuta"},"schema":{"@context":"https:\/\/schema.org","@graph":[{"@type":"WebPage","@id":"https:\/\/www.hotelmarcincak.cz\/en\/room-inquiry\/","url":"https:\/\/www.hotelmarcincak.cz\/en\/room-inquiry\/","name":"Room inquiry |","isPartOf":{"@id":"https:\/\/www.hotelmarcincak.cz\/en\/#website"},"datePublished":"2024-02-25T16:17:18+00:00","dateModified":"2026-03-04T20:35:20+00:00","breadcrumb":{"@id":"https:\/\/www.hotelmarcincak.cz\/en\/room-inquiry\/#breadcrumb"},"inLanguage":"cs","potentialAction":[{"@type":"ReadAction","target":["https:\/\/www.hotelmarcincak.cz\/en\/room-inquiry\/"]}]},{"@type":"BreadcrumbList","@id":"https:\/\/www.hotelmarcincak.cz\/en\/room-inquiry\/#breadcrumb","itemListElement":[{"@type":"ListItem","position":1,"name":"Dom\u016f","item":"https:\/\/www.hotelmarcincak.cz\/en\/"},{"@type":"ListItem","position":2,"name":"Room inquiry"}]},{"@type":"WebSite","@id":"https:\/\/www.hotelmarcincak.cz\/en\/#website","url":"https:\/\/www.hotelmarcincak.cz\/en\/","name":"Lavender Hotel Marcin\u010d\u00e1k***","description":"Accommodation Mikulov","publisher":{"@id":"https:\/\/www.hotelmarcincak.cz\/en\/#organization"},"potentialAction":[{"@type":"SearchAction","target":{"@type":"EntryPoint","urlTemplate":"https:\/\/www.hotelmarcincak.cz\/en\/?s={search_term_string}"},"query-input":{"@type":"PropertyValueSpecification","valueRequired":true,"valueName":"search_term_string"}}],"inLanguage":"cs"},{"@type":"Organization","@id":"https:\/\/www.hotelmarcincak.cz\/en\/#organization","name":"Lavender Hotel Marcin\u010d\u00e1k***","url":"https:\/\/www.hotelmarcincak.cz\/en\/","logo":{"@type":"ImageObject","inLanguage":"cs","@id":"https:\/\/www.hotelmarcincak.cz\/en\/#\/schema\/logo\/image\/","url":"https:\/\/www.hotelmarcincak.cz\/en\/wp-content\/uploads\/2024\/02\/levandulovy-hotel-marcincak-logo-300x290-1.webp","contentUrl":"https:\/\/www.hotelmarcincak.cz\/en\/wp-content\/uploads\/2024\/02\/levandulovy-hotel-marcincak-logo-300x290-1.webp","width":300,"height":290,"caption":"Lavender Hotel Marcin\u010d\u00e1k***"},"image":{"@id":"https:\/\/www.hotelmarcincak.cz\/en\/#\/schema\/logo\/image\/"}}]}},"_links":{"self":[{"href":"https:\/\/www.hotelmarcincak.cz\/en\/wp-json\/wp\/v2\/pages\/405","targetHints":{"allow":["GET"]}}],"collection":[{"href":"https:\/\/www.hotelmarcincak.cz\/en\/wp-json\/wp\/v2\/pages"}],"about":[{"href":"https:\/\/www.hotelmarcincak.cz\/en\/wp-json\/wp\/v2\/types\/page"}],"author":[{"embeddable":true,"href":"https:\/\/www.hotelmarcincak.cz\/en\/wp-json\/wp\/v2\/users\/1"}],"replies":[{"embeddable":true,"href":"https:\/\/www.hotelmarcincak.cz\/en\/wp-json\/wp\/v2\/comments?post=405"}],"version-history":[{"count":31,"href":"https:\/\/www.hotelmarcincak.cz\/en\/wp-json\/wp\/v2\/pages\/405\/revisions"}],"predecessor-version":[{"id":818,"href":"https:\/\/www.hotelmarcincak.cz\/en\/wp-json\/wp\/v2\/pages\/405\/revisions\/818"}],"wp:attachment":[{"href":"https:\/\/www.hotelmarcincak.cz\/en\/wp-json\/wp\/v2\/media?parent=405"}],"curies":[{"name":"wp","href":"https:\/\/api.w.org\/{rel}","templated":true}]}}