{"id":18,"date":"2024-02-19T20:22:51","date_gmt":"2024-02-19T19:22:51","guid":{"rendered":"https:\/\/www.hotelmarcincak.cz\/en\/?page_id=18"},"modified":"2026-03-04T21:20:22","modified_gmt":"2026-03-04T20:20:22","slug":"services","status":"publish","type":"page","link":"https:\/\/www.hotelmarcincak.cz\/en\/services\/","title":{"rendered":"Services"},"content":{"rendered":"\t\t<div data-elementor-type=\"wp-page\" data-elementor-id=\"18\" class=\"elementor elementor-18\">\n\t\t\t\t<div class=\"elementor-element elementor-element-3ff271f e-flex e-con-boxed e-con e-parent\" data-id=\"3ff271f\" data-element_type=\"container\" data-e-type=\"container\">\n\t\t\t\t\t<div class=\"e-con-inner\">\n\t\t\t\t<div class=\"elementor-element elementor-element-6bf6854 elementor-widget elementor-widget-heading\" data-id=\"6bf6854\" data-element_type=\"widget\" data-e-type=\"widget\" data-widget_type=\"heading.default\">\n\t\t\t\t<div class=\"elementor-widget-container\">\n\t\t\t\t\t<h1 class=\"elementor-heading-title elementor-size-default\">Services<\/h1>\t\t\t\t<\/div>\n\t\t\t\t<\/div>\n\t\t\t\t<div class=\"elementor-element elementor-element-418c947 elementor-widget elementor-widget-text-editor\" data-id=\"418c947\" data-element_type=\"widget\" data-e-type=\"widget\" data-widget_type=\"text-editor.default\">\n\t\t\t\t<div class=\"elementor-widget-container\">\n\t\t\t\t\t\t\t\t\t<ul><li>24-hour reception<\/li><li>Check-in 3pm \/Check-out 10am<\/li><li>11 STANDARD DOUBLE ROOM with ceiling fan<\/li><li>2 STANDARD DOUBLE ROOM with air\u00a0conditioning<\/li><li>1 SUPERIOR SUITE with air\u00a0conditioning<\/li><li>3 SUPERIOR SUITE WELLNESS ROOM with air conditioning<\/li><li>6 SUPERIOR ROOM with air conditioning<\/li><li>2 SUPERIOR ROOM with ceiling fan<\/li><li>1 LAVENDER DELUXE ROOM with two ceiling fans<\/li><li>buffet breakfast<\/li><li>mini bar at the hotel reception<\/li><li>daily cleaning service<\/li><li>tourist information<\/li><li>taxi service<\/li><li>luggage storage<\/li><li>garden<\/li><li>free Wi-Fi<\/li><li>hotel parking behind electronic gate<\/li><li>non-smoking hotel except in the garden<\/li><li>purchase of organic wines at cellar prices from V\u00edno Marcin\u010d\u00e1k winery<\/li><\/ul>\t\t\t\t\t\t\t\t<\/div>\n\t\t\t\t<\/div>\n\t\t\t\t\t<\/div>\n\t\t\t\t<\/div>\n\t\t<div class=\"elementor-element elementor-element-0cfae2b e-flex e-con-boxed e-con e-parent\" data-id=\"0cfae2b\" data-element_type=\"container\" data-e-type=\"container\">\n\t\t\t\t\t<div class=\"e-con-inner\">\n\t\t\t\t<div class=\"elementor-element elementor-element-0156d00 elementor-widget elementor-widget-heading\" data-id=\"0156d00\" data-element_type=\"widget\" data-e-type=\"widget\" data-widget_type=\"heading.default\">\n\t\t\t\t<div class=\"elementor-widget-container\">\n\t\t\t\t\t<h2 class=\"elementor-heading-title elementor-size-default\">Lavender&nbsp;&amp;&nbsp;Wine Restaurant<\/h2>\t\t\t\t<\/div>\n\t\t\t\t<\/div>\n\t\t\t\t<div class=\"elementor-element elementor-element-d4d45bd elementor-widget elementor-widget-text-editor\" data-id=\"d4d45bd\" data-element_type=\"widget\" data-e-type=\"widget\" data-widget_type=\"text-editor.default\">\n\t\t\t\t<div class=\"elementor-widget-container\">\n\t\t\t\t\t\t\t\t\t<p><strong>Blending all the senses with the atmosphere of lavender and organic wine from V\u00edno Marcin\u010d\u00e1k winery.<\/strong><\/p>\n<p>We have created a comfortable space in our newly renovated tasting room of the V\u00edno Marcin\u010d\u00e1k Organic Winery and Restaurant for&nbsp;private corporate events, events, family celebrations and events, christenings, weddings, etc.<\/p>\n<p>Lavender &amp; Wine Restaurant is closed for normal daily operations.<\/p>\n<p>Advance reservations required for events and family events of 15 people or more only.<br>Lavender &amp; Wine Restaurant is divided into the main restaurant, which includes the Organic Wine Tasting Room of V\u00edno Marcin\u010d\u00e1k Winery, the Lavender Lounge and the Garden Restaurant.<\/p>\n<p><strong>Contact us to enquire about a&nbsp;private family celebration or event, wedding, event:<\/strong><br>hana@marcincak.cz, <span style=\"color: #0000ff;\"><span style=\"color: #000000;\">noskova@hotelmarcincak.cz<\/span><\/span><\/p>\t\t\t\t\t\t\t\t<\/div>\n\t\t\t\t<\/div>\n\t\t\t\t\t<\/div>\n\t\t\t\t<\/div>\n\t\t<div class=\"elementor-element elementor-element-66d11a5 e-flex e-con-boxed e-con e-parent\" data-id=\"66d11a5\" data-element_type=\"container\" data-e-type=\"container\">\n\t\t\t\t\t<div class=\"e-con-inner\">\n\t\t\t\t<div class=\"elementor-element elementor-element-00d9c42 gallery-spacing-custom elementor-widget elementor-widget-image-gallery\" data-id=\"00d9c42\" data-element_type=\"widget\" data-e-type=\"widget\" data-widget_type=\"image-gallery.default\">\n\t\t\t\t<div class=\"elementor-widget-container\">\n\t\t\t\t\t\t\t<div class=\"elementor-image-gallery\">\n\t\t\t<div id='gallery-1' class='gallery galleryid-18 gallery-columns-2 gallery-size-full'><figure class='gallery-item'>\n\t\t\t<div class='gallery-icon landscape'>\n\t\t\t\t<a data-elementor-open-lightbox=\"yes\" data-elementor-lightbox-slideshow=\"00d9c42\" data-elementor-lightbox-title=\"levandulovy-hotel-marcincak-restaurant-01\" data-e-action-hash=\"#elementor-action%3Aaction%3Dlightbox%26settings%3DeyJpZCI6MTQ0LCJ1cmwiOiJodHRwczpcL1wvd3d3LmhvdGVsbWFyY2luY2FrLmN6XC9lblwvd3AtY29udGVudFwvdXBsb2Fkc1wvMjAyNFwvMDJcL2xldmFuZHVsb3Z5LWhvdGVsLW1hcmNpbmNhay1yZXN0YXVyYW50LTAxLndlYnAiLCJzbGlkZXNob3ciOiIwMGQ5YzQyIn0%3D\" href='https:\/\/www.hotelmarcincak.cz\/en\/wp-content\/uploads\/2024\/02\/levandulovy-hotel-marcincak-restaurant-01.webp'><img fetchpriority=\"high\" decoding=\"async\" width=\"1920\" height=\"1282\" src=\"https:\/\/www.hotelmarcincak.cz\/en\/wp-content\/uploads\/2024\/02\/levandulovy-hotel-marcincak-restaurant-01.webp\" class=\"attachment-full size-full\" alt=\"\" srcset=\"https:\/\/www.hotelmarcincak.cz\/en\/wp-content\/uploads\/2024\/02\/levandulovy-hotel-marcincak-restaurant-01.webp 1920w, https:\/\/www.hotelmarcincak.cz\/en\/wp-content\/uploads\/2024\/02\/levandulovy-hotel-marcincak-restaurant-01-300x200.webp 300w, https:\/\/www.hotelmarcincak.cz\/en\/wp-content\/uploads\/2024\/02\/levandulovy-hotel-marcincak-restaurant-01-1024x684.webp 1024w, https:\/\/www.hotelmarcincak.cz\/en\/wp-content\/uploads\/2024\/02\/levandulovy-hotel-marcincak-restaurant-01-768x513.webp 768w, https:\/\/www.hotelmarcincak.cz\/en\/wp-content\/uploads\/2024\/02\/levandulovy-hotel-marcincak-restaurant-01-1536x1026.webp 1536w\" sizes=\"(max-width: 1920px) 100vw, 1920px\" \/><\/a>\n\t\t\t<\/div><\/figure><figure class='gallery-item'>\n\t\t\t<div class='gallery-icon landscape'>\n\t\t\t\t<a data-elementor-open-lightbox=\"yes\" data-elementor-lightbox-slideshow=\"00d9c42\" data-elementor-lightbox-title=\"levandulovy-hotel-marcincak-restaurant-02\" data-e-action-hash=\"#elementor-action%3Aaction%3Dlightbox%26settings%3DeyJpZCI6MTQzLCJ1cmwiOiJodHRwczpcL1wvd3d3LmhvdGVsbWFyY2luY2FrLmN6XC9lblwvd3AtY29udGVudFwvdXBsb2Fkc1wvMjAyNFwvMDJcL2xldmFuZHVsb3Z5LWhvdGVsLW1hcmNpbmNhay1yZXN0YXVyYW50LTAyLndlYnAiLCJzbGlkZXNob3ciOiIwMGQ5YzQyIn0%3D\" href='https:\/\/www.hotelmarcincak.cz\/en\/wp-content\/uploads\/2024\/02\/levandulovy-hotel-marcincak-restaurant-02.webp'><img decoding=\"async\" width=\"1920\" height=\"1282\" src=\"https:\/\/www.hotelmarcincak.cz\/en\/wp-content\/uploads\/2024\/02\/levandulovy-hotel-marcincak-restaurant-02.webp\" class=\"attachment-full size-full\" alt=\"\" srcset=\"https:\/\/www.hotelmarcincak.cz\/en\/wp-content\/uploads\/2024\/02\/levandulovy-hotel-marcincak-restaurant-02.webp 1920w, https:\/\/www.hotelmarcincak.cz\/en\/wp-content\/uploads\/2024\/02\/levandulovy-hotel-marcincak-restaurant-02-300x200.webp 300w, https:\/\/www.hotelmarcincak.cz\/en\/wp-content\/uploads\/2024\/02\/levandulovy-hotel-marcincak-restaurant-02-1024x684.webp 1024w, https:\/\/www.hotelmarcincak.cz\/en\/wp-content\/uploads\/2024\/02\/levandulovy-hotel-marcincak-restaurant-02-768x513.webp 768w, https:\/\/www.hotelmarcincak.cz\/en\/wp-content\/uploads\/2024\/02\/levandulovy-hotel-marcincak-restaurant-02-1536x1026.webp 1536w\" sizes=\"(max-width: 1920px) 100vw, 1920px\" \/><\/a>\n\t\t\t<\/div><\/figure><figure class='gallery-item'>\n\t\t\t<div class='gallery-icon landscape'>\n\t\t\t\t<a data-elementor-open-lightbox=\"yes\" data-elementor-lightbox-slideshow=\"00d9c42\" data-elementor-lightbox-title=\"levandulovy-hotel-marcincak-restaurant-03\" data-e-action-hash=\"#elementor-action%3Aaction%3Dlightbox%26settings%3DeyJpZCI6MTQyLCJ1cmwiOiJodHRwczpcL1wvd3d3LmhvdGVsbWFyY2luY2FrLmN6XC9lblwvd3AtY29udGVudFwvdXBsb2Fkc1wvMjAyNFwvMDJcL2xldmFuZHVsb3Z5LWhvdGVsLW1hcmNpbmNhay1yZXN0YXVyYW50LTAzLndlYnAiLCJzbGlkZXNob3ciOiIwMGQ5YzQyIn0%3D\" href='https:\/\/www.hotelmarcincak.cz\/en\/wp-content\/uploads\/2024\/02\/levandulovy-hotel-marcincak-restaurant-03.webp'><img decoding=\"async\" width=\"1920\" height=\"1282\" src=\"https:\/\/www.hotelmarcincak.cz\/en\/wp-content\/uploads\/2024\/02\/levandulovy-hotel-marcincak-restaurant-03.webp\" class=\"attachment-full size-full\" alt=\"\" srcset=\"https:\/\/www.hotelmarcincak.cz\/en\/wp-content\/uploads\/2024\/02\/levandulovy-hotel-marcincak-restaurant-03.webp 1920w, https:\/\/www.hotelmarcincak.cz\/en\/wp-content\/uploads\/2024\/02\/levandulovy-hotel-marcincak-restaurant-03-300x200.webp 300w, https:\/\/www.hotelmarcincak.cz\/en\/wp-content\/uploads\/2024\/02\/levandulovy-hotel-marcincak-restaurant-03-1024x684.webp 1024w, https:\/\/www.hotelmarcincak.cz\/en\/wp-content\/uploads\/2024\/02\/levandulovy-hotel-marcincak-restaurant-03-768x513.webp 768w, https:\/\/www.hotelmarcincak.cz\/en\/wp-content\/uploads\/2024\/02\/levandulovy-hotel-marcincak-restaurant-03-1536x1026.webp 1536w\" sizes=\"(max-width: 1920px) 100vw, 1920px\" \/><\/a>\n\t\t\t<\/div><\/figure><figure class='gallery-item'>\n\t\t\t<div class='gallery-icon landscape'>\n\t\t\t\t<a data-elementor-open-lightbox=\"yes\" data-elementor-lightbox-slideshow=\"00d9c42\" data-elementor-lightbox-title=\"levandulovy-hotel-marcincak-restaurant-04\" data-e-action-hash=\"#elementor-action%3Aaction%3Dlightbox%26settings%3DeyJpZCI6MTQxLCJ1cmwiOiJodHRwczpcL1wvd3d3LmhvdGVsbWFyY2luY2FrLmN6XC9lblwvd3AtY29udGVudFwvdXBsb2Fkc1wvMjAyNFwvMDJcL2xldmFuZHVsb3Z5LWhvdGVsLW1hcmNpbmNhay1yZXN0YXVyYW50LTA0LndlYnAiLCJzbGlkZXNob3ciOiIwMGQ5YzQyIn0%3D\" href='https:\/\/www.hotelmarcincak.cz\/en\/wp-content\/uploads\/2024\/02\/levandulovy-hotel-marcincak-restaurant-04.webp'><img loading=\"lazy\" decoding=\"async\" width=\"1920\" height=\"1282\" src=\"https:\/\/www.hotelmarcincak.cz\/en\/wp-content\/uploads\/2024\/02\/levandulovy-hotel-marcincak-restaurant-04.webp\" class=\"attachment-full size-full\" alt=\"\" srcset=\"https:\/\/www.hotelmarcincak.cz\/en\/wp-content\/uploads\/2024\/02\/levandulovy-hotel-marcincak-restaurant-04.webp 1920w, https:\/\/www.hotelmarcincak.cz\/en\/wp-content\/uploads\/2024\/02\/levandulovy-hotel-marcincak-restaurant-04-300x200.webp 300w, https:\/\/www.hotelmarcincak.cz\/en\/wp-content\/uploads\/2024\/02\/levandulovy-hotel-marcincak-restaurant-04-1024x684.webp 1024w, https:\/\/www.hotelmarcincak.cz\/en\/wp-content\/uploads\/2024\/02\/levandulovy-hotel-marcincak-restaurant-04-768x513.webp 768w, https:\/\/www.hotelmarcincak.cz\/en\/wp-content\/uploads\/2024\/02\/levandulovy-hotel-marcincak-restaurant-04-1536x1026.webp 1536w\" sizes=\"(max-width: 1920px) 100vw, 1920px\" \/><\/a>\n\t\t\t<\/div><\/figure>\n\t\t<\/div>\n\t\t<\/div>\n\t\t\t\t\t\t<\/div>\n\t\t\t\t<\/div>\n\t\t\t\t\t<\/div>\n\t\t\t\t<\/div>\n\t\t<div class=\"elementor-element elementor-element-25d33b8 e-con-full e-flex e-con e-parent\" data-id=\"25d33b8\" data-element_type=\"container\" data-e-type=\"container\">\n\t\t\t\t<div class=\"elementor-element elementor-element-3692021 elementor-widget elementor-widget-html\" data-id=\"3692021\" data-element_type=\"widget\" data-e-type=\"widget\" data-widget_type=\"html.default\">\n\t\t\t\t<div class=\"elementor-widget-container\">\n\t\t\t\t\t<iframe style=\"border: none;\" src=\"https:\/\/frame.mapy.cz\/s\/kuvumeteja\" width=\"100%\" height=\"400\" frameborder=\"0\"><\/iframe>\t\t\t\t<\/div>\n\t\t\t\t<\/div>\n\t\t\t\t<\/div>\n\t\t\t\t<\/div>\n\t\t","protected":false},"excerpt":{"rendered":"<p>Services 24-hour reception Check-in 3pm \/Check-out 10am 11 STANDARD DOUBLE ROOM with ceiling fan 2 STANDARD DOUBLE ROOM with air\u00a0conditioning [&hellip;]<\/p>\n","protected":false},"author":1,"featured_media":0,"parent":0,"menu_order":0,"comment_status":"closed","ping_status":"closed","template":"","meta":{"site-sidebar-layout":"no-sidebar","site-content-layout":"","ast-site-content-layout":"full-width-container","site-content-style":"default","site-sidebar-style":"default","ast-global-header-display":"","ast-banner-title-visibility":"","ast-main-header-display":"","ast-hfb-above-header-display":"","ast-hfb-below-header-display":"","ast-hfb-mobile-header-display":"","site-post-title":"disabled","ast-breadcrumbs-content":"","ast-featured-img":"disabled","footer-sml-layout":"","ast-disable-related-posts":"","theme-transparent-header-meta":"default","adv-header-id-meta":"","stick-header-meta":"","header-above-stick-meta":"","header-main-stick-meta":"","header-below-stick-meta":"","astra-migrate-meta-layouts":"set","ast-page-background-enabled":"default","ast-page-background-meta":{"desktop":{"background-color":"var(--ast-global-color-4)","background-image":"","background-repeat":"repeat","background-position":"center center","background-size":"auto","background-attachment":"scroll","background-type":"","background-media":"","overlay-type":"","overlay-color":"","overlay-opacity":"","overlay-gradient":""},"tablet":{"background-color":"","background-image":"","background-repeat":"repeat","background-position":"center center","background-size":"auto","background-attachment":"scroll","background-type":"","background-media":"","overlay-type":"","overlay-color":"","overlay-opacity":"","overlay-gradient":""},"mobile":{"background-color":"","background-image":"","background-repeat":"repeat","background-position":"center center","background-size":"auto","background-attachment":"scroll","background-type":"","background-media":"","overlay-type":"","overlay-color":"","overlay-opacity":"","overlay-gradient":""}},"ast-content-background-meta":{"desktop":{"background-color":"var(--ast-global-color-5)","background-image":"","background-repeat":"repeat","background-position":"center center","background-size":"auto","background-attachment":"scroll","background-type":"","background-media":"","overlay-type":"","overlay-color":"","overlay-opacity":"","overlay-gradient":""},"tablet":{"background-color":"var(--ast-global-color-5)","background-image":"","background-repeat":"repeat","background-position":"center center","background-size":"auto","background-attachment":"scroll","background-type":"","background-media":"","overlay-type":"","overlay-color":"","overlay-opacity":"","overlay-gradient":""},"mobile":{"background-color":"var(--ast-global-color-5)","background-image":"","background-repeat":"repeat","background-position":"center center","background-size":"auto","background-attachment":"scroll","background-type":"","background-media":"","overlay-type":"","overlay-color":"","overlay-opacity":"","overlay-gradient":""}},"footnotes":""},"class_list":["post-18","page","type-page","status-publish","hentry"],"yoast_head":"<!-- This site is optimized with the Yoast SEO plugin v27.6 - https:\/\/yoast.com\/product\/yoast-seo-wordpress\/ -->\n<title>Services |<\/title>\n<meta name=\"robots\" content=\"index, follow, max-snippet:-1, max-image-preview:large, max-video-preview:-1\" \/>\n<link rel=\"canonical\" href=\"https:\/\/www.hotelmarcincak.cz\/en\/services\/\" \/>\n<meta property=\"og:locale\" content=\"cs_CZ\" \/>\n<meta property=\"og:type\" content=\"article\" \/>\n<meta property=\"og:title\" content=\"Services |\" \/>\n<meta property=\"og:description\" content=\"Services 24-hour reception Check-in 3pm \/Check-out 10am 11 STANDARD DOUBLE ROOM with ceiling fan 2 STANDARD DOUBLE ROOM with air\u00a0conditioning [&hellip;]\" \/>\n<meta property=\"og:url\" content=\"https:\/\/www.hotelmarcincak.cz\/en\/services\/\" \/>\n<meta property=\"article:modified_time\" content=\"2026-03-04T20:20:22+00:00\" \/>\n<meta property=\"og:image\" content=\"https:\/\/www.hotelmarcincak.cz\/en\/wp-content\/uploads\/2024\/02\/levandulovy-hotel-marcincak-restaurant-01.webp\" \/>\n<meta name=\"twitter:card\" content=\"summary_large_image\" \/>\n<meta name=\"twitter:label1\" content=\"Odhadovan\u00e1 doba \u010dten\u00ed\" \/>\n\t<meta name=\"twitter:data1\" content=\"2 minuty\" \/>\n<script type=\"application\/ld+json\" class=\"yoast-schema-graph\">{\"@context\":\"https:\\\/\\\/schema.org\",\"@graph\":[{\"@type\":\"WebPage\",\"@id\":\"https:\\\/\\\/www.hotelmarcincak.cz\\\/en\\\/services\\\/\",\"url\":\"https:\\\/\\\/www.hotelmarcincak.cz\\\/en\\\/services\\\/\",\"name\":\"Services |\",\"isPartOf\":{\"@id\":\"https:\\\/\\\/www.hotelmarcincak.cz\\\/en\\\/#website\"},\"primaryImageOfPage\":{\"@id\":\"https:\\\/\\\/www.hotelmarcincak.cz\\\/en\\\/services\\\/#primaryimage\"},\"image\":{\"@id\":\"https:\\\/\\\/www.hotelmarcincak.cz\\\/en\\\/services\\\/#primaryimage\"},\"thumbnailUrl\":\"https:\\\/\\\/www.hotelmarcincak.cz\\\/en\\\/wp-content\\\/uploads\\\/2024\\\/02\\\/levandulovy-hotel-marcincak-restaurant-01.webp\",\"datePublished\":\"2024-02-19T19:22:51+00:00\",\"dateModified\":\"2026-03-04T20:20:22+00:00\",\"breadcrumb\":{\"@id\":\"https:\\\/\\\/www.hotelmarcincak.cz\\\/en\\\/services\\\/#breadcrumb\"},\"inLanguage\":\"cs\",\"potentialAction\":[{\"@type\":\"ReadAction\",\"target\":[\"https:\\\/\\\/www.hotelmarcincak.cz\\\/en\\\/services\\\/\"]}]},{\"@type\":\"ImageObject\",\"inLanguage\":\"cs\",\"@id\":\"https:\\\/\\\/www.hotelmarcincak.cz\\\/en\\\/services\\\/#primaryimage\",\"url\":\"https:\\\/\\\/www.hotelmarcincak.cz\\\/en\\\/wp-content\\\/uploads\\\/2024\\\/02\\\/levandulovy-hotel-marcincak-restaurant-01.webp\",\"contentUrl\":\"https:\\\/\\\/www.hotelmarcincak.cz\\\/en\\\/wp-content\\\/uploads\\\/2024\\\/02\\\/levandulovy-hotel-marcincak-restaurant-01.webp\"},{\"@type\":\"BreadcrumbList\",\"@id\":\"https:\\\/\\\/www.hotelmarcincak.cz\\\/en\\\/services\\\/#breadcrumb\",\"itemListElement\":[{\"@type\":\"ListItem\",\"position\":1,\"name\":\"Dom\u016f\",\"item\":\"https:\\\/\\\/www.hotelmarcincak.cz\\\/en\\\/\"},{\"@type\":\"ListItem\",\"position\":2,\"name\":\"Services\"}]},{\"@type\":\"WebSite\",\"@id\":\"https:\\\/\\\/www.hotelmarcincak.cz\\\/en\\\/#website\",\"url\":\"https:\\\/\\\/www.hotelmarcincak.cz\\\/en\\\/\",\"name\":\"Lavender Hotel Marcin\u010d\u00e1k***\",\"description\":\"Accommodation Mikulov\",\"publisher\":{\"@id\":\"https:\\\/\\\/www.hotelmarcincak.cz\\\/en\\\/#organization\"},\"potentialAction\":[{\"@type\":\"SearchAction\",\"target\":{\"@type\":\"EntryPoint\",\"urlTemplate\":\"https:\\\/\\\/www.hotelmarcincak.cz\\\/en\\\/?s={search_term_string}\"},\"query-input\":{\"@type\":\"PropertyValueSpecification\",\"valueRequired\":true,\"valueName\":\"search_term_string\"}}],\"inLanguage\":\"cs\"},{\"@type\":\"Organization\",\"@id\":\"https:\\\/\\\/www.hotelmarcincak.cz\\\/en\\\/#organization\",\"name\":\"Lavender Hotel Marcin\u010d\u00e1k***\",\"url\":\"https:\\\/\\\/www.hotelmarcincak.cz\\\/en\\\/\",\"logo\":{\"@type\":\"ImageObject\",\"inLanguage\":\"cs\",\"@id\":\"https:\\\/\\\/www.hotelmarcincak.cz\\\/en\\\/#\\\/schema\\\/logo\\\/image\\\/\",\"url\":\"https:\\\/\\\/www.hotelmarcincak.cz\\\/en\\\/wp-content\\\/uploads\\\/2024\\\/02\\\/levandulovy-hotel-marcincak-logo-300x290-1.webp\",\"contentUrl\":\"https:\\\/\\\/www.hotelmarcincak.cz\\\/en\\\/wp-content\\\/uploads\\\/2024\\\/02\\\/levandulovy-hotel-marcincak-logo-300x290-1.webp\",\"width\":300,\"height\":290,\"caption\":\"Lavender Hotel Marcin\u010d\u00e1k***\"},\"image\":{\"@id\":\"https:\\\/\\\/www.hotelmarcincak.cz\\\/en\\\/#\\\/schema\\\/logo\\\/image\\\/\"}}]}<\/script>\n<!-- \/ Yoast SEO plugin. -->","yoast_head_json":{"title":"Services |","robots":{"index":"index","follow":"follow","max-snippet":"max-snippet:-1","max-image-preview":"max-image-preview:large","max-video-preview":"max-video-preview:-1"},"canonical":"https:\/\/www.hotelmarcincak.cz\/en\/services\/","og_locale":"cs_CZ","og_type":"article","og_title":"Services |","og_description":"Services 24-hour reception Check-in 3pm \/Check-out 10am 11 STANDARD DOUBLE ROOM with ceiling fan 2 STANDARD DOUBLE ROOM with air\u00a0conditioning [&hellip;]","og_url":"https:\/\/www.hotelmarcincak.cz\/en\/services\/","article_modified_time":"2026-03-04T20:20:22+00:00","og_image":[{"url":"https:\/\/www.hotelmarcincak.cz\/en\/wp-content\/uploads\/2024\/02\/levandulovy-hotel-marcincak-restaurant-01.webp","type":"","width":"","height":""}],"twitter_card":"summary_large_image","twitter_misc":{"Odhadovan\u00e1 doba \u010dten\u00ed":"2 minuty"},"schema":{"@context":"https:\/\/schema.org","@graph":[{"@type":"WebPage","@id":"https:\/\/www.hotelmarcincak.cz\/en\/services\/","url":"https:\/\/www.hotelmarcincak.cz\/en\/services\/","name":"Services |","isPartOf":{"@id":"https:\/\/www.hotelmarcincak.cz\/en\/#website"},"primaryImageOfPage":{"@id":"https:\/\/www.hotelmarcincak.cz\/en\/services\/#primaryimage"},"image":{"@id":"https:\/\/www.hotelmarcincak.cz\/en\/services\/#primaryimage"},"thumbnailUrl":"https:\/\/www.hotelmarcincak.cz\/en\/wp-content\/uploads\/2024\/02\/levandulovy-hotel-marcincak-restaurant-01.webp","datePublished":"2024-02-19T19:22:51+00:00","dateModified":"2026-03-04T20:20:22+00:00","breadcrumb":{"@id":"https:\/\/www.hotelmarcincak.cz\/en\/services\/#breadcrumb"},"inLanguage":"cs","potentialAction":[{"@type":"ReadAction","target":["https:\/\/www.hotelmarcincak.cz\/en\/services\/"]}]},{"@type":"ImageObject","inLanguage":"cs","@id":"https:\/\/www.hotelmarcincak.cz\/en\/services\/#primaryimage","url":"https:\/\/www.hotelmarcincak.cz\/en\/wp-content\/uploads\/2024\/02\/levandulovy-hotel-marcincak-restaurant-01.webp","contentUrl":"https:\/\/www.hotelmarcincak.cz\/en\/wp-content\/uploads\/2024\/02\/levandulovy-hotel-marcincak-restaurant-01.webp"},{"@type":"BreadcrumbList","@id":"https:\/\/www.hotelmarcincak.cz\/en\/services\/#breadcrumb","itemListElement":[{"@type":"ListItem","position":1,"name":"Dom\u016f","item":"https:\/\/www.hotelmarcincak.cz\/en\/"},{"@type":"ListItem","position":2,"name":"Services"}]},{"@type":"WebSite","@id":"https:\/\/www.hotelmarcincak.cz\/en\/#website","url":"https:\/\/www.hotelmarcincak.cz\/en\/","name":"Lavender Hotel Marcin\u010d\u00e1k***","description":"Accommodation Mikulov","publisher":{"@id":"https:\/\/www.hotelmarcincak.cz\/en\/#organization"},"potentialAction":[{"@type":"SearchAction","target":{"@type":"EntryPoint","urlTemplate":"https:\/\/www.hotelmarcincak.cz\/en\/?s={search_term_string}"},"query-input":{"@type":"PropertyValueSpecification","valueRequired":true,"valueName":"search_term_string"}}],"inLanguage":"cs"},{"@type":"Organization","@id":"https:\/\/www.hotelmarcincak.cz\/en\/#organization","name":"Lavender Hotel Marcin\u010d\u00e1k***","url":"https:\/\/www.hotelmarcincak.cz\/en\/","logo":{"@type":"ImageObject","inLanguage":"cs","@id":"https:\/\/www.hotelmarcincak.cz\/en\/#\/schema\/logo\/image\/","url":"https:\/\/www.hotelmarcincak.cz\/en\/wp-content\/uploads\/2024\/02\/levandulovy-hotel-marcincak-logo-300x290-1.webp","contentUrl":"https:\/\/www.hotelmarcincak.cz\/en\/wp-content\/uploads\/2024\/02\/levandulovy-hotel-marcincak-logo-300x290-1.webp","width":300,"height":290,"caption":"Lavender Hotel Marcin\u010d\u00e1k***"},"image":{"@id":"https:\/\/www.hotelmarcincak.cz\/en\/#\/schema\/logo\/image\/"}}]}},"_links":{"self":[{"href":"https:\/\/www.hotelmarcincak.cz\/en\/wp-json\/wp\/v2\/pages\/18","targetHints":{"allow":["GET"]}}],"collection":[{"href":"https:\/\/www.hotelmarcincak.cz\/en\/wp-json\/wp\/v2\/pages"}],"about":[{"href":"https:\/\/www.hotelmarcincak.cz\/en\/wp-json\/wp\/v2\/types\/page"}],"author":[{"embeddable":true,"href":"https:\/\/www.hotelmarcincak.cz\/en\/wp-json\/wp\/v2\/users\/1"}],"replies":[{"embeddable":true,"href":"https:\/\/www.hotelmarcincak.cz\/en\/wp-json\/wp\/v2\/comments?post=18"}],"version-history":[{"count":43,"href":"https:\/\/www.hotelmarcincak.cz\/en\/wp-json\/wp\/v2\/pages\/18\/revisions"}],"predecessor-version":[{"id":814,"href":"https:\/\/www.hotelmarcincak.cz\/en\/wp-json\/wp\/v2\/pages\/18\/revisions\/814"}],"wp:attachment":[{"href":"https:\/\/www.hotelmarcincak.cz\/en\/wp-json\/wp\/v2\/media?parent=18"}],"curies":[{"name":"wp","href":"https:\/\/api.w.org\/{rel}","templated":true}]}}